{"id":2364,"date":"2026-04-01T12:13:05","date_gmt":"2026-04-01T10:13:05","guid":{"rendered":"https:\/\/www.oceanfreaks.world\/?page_id=2364"},"modified":"2026-04-01T12:15:05","modified_gmt":"2026-04-01T10:15:05","slug":"sobre-nosotros","status":"publish","type":"page","link":"https:\/\/www.oceanfreaks.world\/es\/sobre-nosotros\/","title":{"rendered":"Sobre nosotros"},"content":{"rendered":"<p>[et_pb_section fb_built=\u00bb1&#8243; admin_label=\u00bb\u041a\u043e\u043c\u0430\u043d\u0434\u0430\u00bb _builder_version=\u00bb4.24.0&#8243; _module_preset=\u00bbdefault\u00bb custom_padding=\u00bb||||false|false\u00bb collapsed=\u00bboff\u00bb global_colors_info=\u00bb{}\u00bb locked=\u00bboff\u00bb theme_builder_area=\u00bbpost_content\u00bb][et_pb_row _builder_version=\u00bb4.24.0&#8243; _module_preset=\u00bbdefault\u00bb global_colors_info=\u00bb{}\u00bb theme_builder_area=\u00bbpost_content\u00bb][et_pb_column type=\u00bb4_4&#8243; _builder_version=\u00bb4.24.0&#8243; _module_preset=\u00bbdefault\u00bb global_colors_info=\u00bb{}\u00bb theme_builder_area=\u00bbpost_content\u00bb][et_pb_text _builder_version=\u00bb4.27.4&#8243; _module_preset=\u00bbdefault\u00bb header_2_text_align=\u00bbcenter\u00bb header_3_text_align=\u00bbcenter\u00bb header_3_font_size=\u00bb50px\u00bb global_colors_info=\u00bb{}\u00bb theme_builder_area=\u00bbpost_content\u00bb]<\/p>\n<h2>Nuestro equipo<\/h2>\n<p>[\/et_pb_text][et_pb_text admin_label=\u00bbDiscover Beatuty Sub Title\u00bb _builder_version=\u00bb4.27.4&#8243; text_text_color=\u00bb#1a1a1a\u00bb text_font_size=\u00bb24px\u00bb text_line_height=\u00bb1em\u00bb text_orientation=\u00bbcenter\u00bb animation_direction=\u00bbtop\u00bb global_colors_info=\u00bb{}\u00bb theme_builder_area=\u00bbpost_content\u00bb]<\/p>\n<p>\u00a0<strong>Certificaci\u00f3n: ISA<\/strong><\/p>\n<p>[\/et_pb_text][et_pb_divider color=\u00bb#FF962E\u00bb divider_position=\u00bbcenter\u00bb divider_weight=\u00bb3px\u00bb disabled_on=\u00bboff|off|off\u00bb _builder_version=\u00bb4.24.0&#8243; max_width=\u00bb150px\u00bb module_alignment=\u00bbcenter\u00bb height=\u00bbfalse\u00bb animation_style=\u00bbslide\u00bb animation_direction=\u00bbtop\u00bb animation_delay=\u00bb200ms\u00bb animation_intensity_slide=\u00bb10%\u00bb global_colors_info=\u00bb{}\u00bb theme_builder_area=\u00bbpost_content\u00bb][\/et_pb_divider][\/et_pb_column][\/et_pb_row][et_pb_row _builder_version=\u00bb4.27.4&#8243; _module_preset=\u00bbdefault\u00bb custom_padding=\u00bb0px||||false|false\u00bb global_colors_info=\u00bb{}\u00bb theme_builder_area=\u00bbpost_content\u00bb][et_pb_column type=\u00bb4_4&#8243; _builder_version=\u00bb4.24.0&#8243; _module_preset=\u00bbdefault\u00bb global_colors_info=\u00bb{}\u00bb theme_builder_area=\u00bbpost_content\u00bb][et_pb_text _builder_version=\u00bb4.27.4&#8243; _module_preset=\u00bbdefault\u00bb text_orientation=\u00bbcenter\u00bb global_colors_info=\u00bb{}\u00bb theme_builder_area=\u00bbpost_content\u00bb]<\/p>\n<p>Escuela de surf &#8211; <strong>Ocean Freaks World<\/strong> es un equipo de riders profesionales unidos para conquistar olas y el viento. Nuestro equipo ha surfeado en los 4 de los 5 continentes, fundamos nuestra escuela en 2008 en las c\u00e1lidas aguas del Caribe, luego vimos y probamos muchos spots y llegamos a la conclusi\u00f3n un\u00e1nime de que el mejor surf para nosotros es el surf en Tenerife. Desde 2012, la isla de Tenerife se ha convertido para nosotros en el lugar principal donde practicamos surf y ense\u00f1amos este deporte durante todo el a\u00f1o.<\/p>\n<p>[\/et_pb_text][\/et_pb_column][\/et_pb_row][et_pb_row column_structure=\u00bb1_3,1_3,1_3&#8243; use_custom_gutter=\u00bbon\u00bb make_equal=\u00bbon\u00bb _builder_version=\u00bb4.25.2&#8243; _module_preset=\u00bbdefault\u00bb width=\u00bb60%\u00bb width_tablet=\u00bb40%\u00bb width_phone=\u00bb90%\u00bb width_last_edited=\u00bbon|phone\u00bb collapsed=\u00bboff\u00bb global_colors_info=\u00bb{}\u00bb theme_builder_area=\u00bbpost_content\u00bb][et_pb_column type=\u00bb1_3&#8243; _builder_version=\u00bb4.24.0&#8243; _module_preset=\u00bbdefault\u00bb box_shadow_style=\u00bbpreset1&#8243; global_colors_info=\u00bb{}\u00bb theme_builder_area=\u00bbpost_content\u00bb][et_pb_team_member image_url=\u00bbhttps:\/\/www.oceanfreaks.world\/wp-content\/uploads\/2025\/09\/Andres.png\u00bb admin_label=\u00bbAndr\u00e9s\u00bb _builder_version=\u00bb4.27.4&#8243; _module_preset=\u00bbdefault\u00bb header_font_size=\u00bb18px\u00bb position_font=\u00bbRoboto||||||||\u00bb position_font_size=\u00bb13px\u00bb custom_padding=\u00bb||||false|false\u00bb custom_css_member_description=\u00bbpadding-left: 10px;||padding-right: 10px;||padding-bottom: 10px;\u00bb global_colors_info=\u00bb{}\u00bb theme_builder_area=\u00bbpost_content\u00bb]<\/p>\n<div class=\"team-name\">Andr\u00e9s<\/div>\n<div class=\"team-name\"><span>ES\/EN<\/span><\/div>\n<p>Surf, Surfskate, Foil<\/p>\n<p>[\/et_pb_team_member][\/et_pb_column][et_pb_column type=\u00bb1_3&#8243; _builder_version=\u00bb4.24.0&#8243; _module_preset=\u00bbdefault\u00bb box_shadow_style=\u00bbpreset1&#8243; global_colors_info=\u00bb{}\u00bb theme_builder_area=\u00bbpost_content\u00bb][et_pb_team_member image_url=\u00bbhttps:\/\/www.oceanfreaks.world\/wp-content\/uploads\/2024\/03\/Daniel.jpg\u00bb _builder_version=\u00bb4.27.4&#8243; _module_preset=\u00bbdefault\u00bb header_font_size=\u00bb18px\u00bb position_font=\u00bbRoboto||||||||\u00bb position_font_size=\u00bb13px\u00bb custom_padding=\u00bb||||false|false\u00bb custom_css_member_description=\u00bbpadding-left: 10px;||padding-right: 10px;||padding-bottom: 10px;\u00bb global_colors_info=\u00bb{}\u00bb theme_builder_area=\u00bbpost_content\u00bb]<\/p>\n<div class=\"team-name\">Daniel<\/div>\n<div class=\"team-name\"><span>ES\/EN\/DE<\/span><\/div>\n<p>Surf, Surfskate<\/p>\n<p>[\/et_pb_team_member][\/et_pb_column][et_pb_column type=\u00bb1_3&#8243; _builder_version=\u00bb4.24.0&#8243; _module_preset=\u00bbdefault\u00bb box_shadow_style=\u00bbpreset1&#8243; global_colors_info=\u00bb{}\u00bb theme_builder_area=\u00bbpost_content\u00bb][et_pb_team_member image_url=\u00bbhttps:\/\/www.oceanfreaks.world\/wp-content\/uploads\/2024\/06\/juri.jpg\u00bb _builder_version=\u00bb4.27.4&#8243; _module_preset=\u00bbdefault\u00bb header_font_size=\u00bb18px\u00bb header_line_height=\u00bb1.2em\u00bb position_font_size=\u00bb13px\u00bb custom_padding=\u00bb||||false|false\u00bb custom_css_member_description=\u00bbpadding-left: 10px;||padding-right: 10px;||padding-bottom: 10px;\u00bb global_colors_info=\u00bb{}\u00bb theme_builder_area=\u00bbpost_content\u00bb]<\/p>\n<div class=\"team-name\">Juri<\/div>\n<div class=\"team-name\"><span>ES\/EN\/RU<\/span><\/div>\n<p>Surf, Kite, SUP, Foil, Surfskate<\/p>\n<p>[\/et_pb_team_member][\/et_pb_column][\/et_pb_row][et_pb_row column_structure=\u00bb1_3,1_3,1_3&#8243; use_custom_gutter=\u00bbon\u00bb make_equal=\u00bbon\u00bb _builder_version=\u00bb4.24.0&#8243; _module_preset=\u00bbdefault\u00bb width=\u00bb60%\u00bb width_tablet=\u00bb40%\u00bb width_phone=\u00bb90%\u00bb width_last_edited=\u00bbon|phone\u00bb collapsed=\u00bboff\u00bb global_colors_info=\u00bb{}\u00bb theme_builder_area=\u00bbpost_content\u00bb][et_pb_column type=\u00bb1_3&#8243; _builder_version=\u00bb4.24.0&#8243; _module_preset=\u00bbdefault\u00bb box_shadow_style=\u00bbpreset1&#8243; global_colors_info=\u00bb{}\u00bb theme_builder_area=\u00bbpost_content\u00bb][et_pb_team_member image_url=\u00bbhttps:\/\/www.oceanfreaks.world\/wp-content\/uploads\/2024\/03\/Trainer1.jpg\u00bb _builder_version=\u00bb4.27.4&#8243; _module_preset=\u00bbdefault\u00bb header_font_size=\u00bb18px\u00bb body_font=\u00bbRoboto||||||||\u00bb position_font=\u00bbRoboto||||||||\u00bb position_font_size=\u00bb13px\u00bb custom_padding=\u00bb||||false|false\u00bb custom_css_member_description=\u00bbpadding-left: 10px;||padding-right: 10px;||padding-bottom: 10px;\u00bb global_colors_info=\u00bb{}\u00bb theme_builder_area=\u00bbpost_content\u00bb]<\/p>\n<div class=\"team-name\">Deme<\/div>\n<div class=\"team-name\"><span>ES\/EN<\/span><\/div>\n<p>Kite, SUP, Foil<\/p>\n<p>[\/et_pb_team_member][\/et_pb_column][et_pb_column type=\u00bb1_3&#8243; _builder_version=\u00bb4.24.0&#8243; _module_preset=\u00bbdefault\u00bb box_shadow_style=\u00bbpreset1&#8243; global_colors_info=\u00bb{}\u00bb theme_builder_area=\u00bbpost_content\u00bb][et_pb_team_member image_url=\u00bbhttps:\/\/www.oceanfreaks.world\/wp-content\/uploads\/2024\/03\/trainer2-1.jpg\u00bb _builder_version=\u00bb4.27.4&#8243; _module_preset=\u00bbdefault\u00bb header_font_size=\u00bb18px\u00bb position_font=\u00bbRoboto||||||||\u00bb position_font_size=\u00bb13px\u00bb custom_padding=\u00bb||||false|false\u00bb custom_css_member_description=\u00bbpadding-left: 10px;||padding-right: 10px;||padding-bottom: 10px;\u00bb global_colors_info=\u00bb{}\u00bb child_filter_hue_rotate__hover_enabled=\u00bboff|desktop\u00bb theme_builder_area=\u00bbpost_content\u00bb]<\/p>\n<div class=\"team-name\">Dimitri<\/div>\n<div class=\"team-name\"><span>ES\/EN\/DE<\/span><\/div>\n<p>Surf, Surfskate<\/p>\n<p>[\/et_pb_team_member][\/et_pb_column][et_pb_column type=\u00bb1_3&#8243; _builder_version=\u00bb4.24.0&#8243; _module_preset=\u00bbdefault\u00bb box_shadow_style=\u00bbpreset1&#8243; global_colors_info=\u00bb{}\u00bb theme_builder_area=\u00bbpost_content\u00bb][et_pb_team_member image_url=\u00bbhttps:\/\/www.oceanfreaks.world\/wp-content\/uploads\/2025\/03\/Marina-1.jpg\u00bb _builder_version=\u00bb4.27.4&#8243; _module_preset=\u00bbdefault\u00bb header_font_size=\u00bb18px\u00bb position_font=\u00bbRoboto||||||||\u00bb position_font_size=\u00bb13px\u00bb custom_padding=\u00bb||||false|false\u00bb custom_css_member_description=\u00bbpadding-left: 10px;||padding-right: 10px;||padding-bottom: 10px;\u00bb global_colors_info=\u00bb{}\u00bb child_filter_hue_rotate__hover_enabled=\u00bboff|desktop\u00bb theme_builder_area=\u00bbpost_content\u00bb]<\/p>\n<div class=\"team-name\">Mari<\/div>\n<div class=\"team-name\"><span>ES\/EN\/RU<\/span><\/div>\n<p>Yoga, Surf, Administrador<\/p>\n<p>[\/et_pb_team_member][\/et_pb_column][\/et_pb_row][\/et_pb_section]<\/p>\n","protected":false},"excerpt":{"rendered":"<p>Nuestro equipo\u00a0Certificaci\u00f3n: ISAEscuela de surf &#8211; Ocean Freaks World es un equipo de riders profesionales unidos para conquistar olas y el viento. Nuestro equipo ha surfeado en los 4 de los 5 continentes, fundamos nuestra escuela en 2008 en las c\u00e1lidas aguas del Caribe, luego vimos y probamos muchos spots y llegamos a la conclusi\u00f3n [&hellip;]<\/p>\n","protected":false},"author":2,"featured_media":0,"parent":0,"menu_order":0,"comment_status":"closed","ping_status":"closed","template":"","meta":{"_et_pb_use_builder":"on","_et_pb_old_content":"","_et_gb_content_width":"","footnotes":""},"dipi_cpt_category":[],"class_list":["post-2364","page","type-page","status-publish","hentry"],"_links":{"self":[{"href":"https:\/\/www.oceanfreaks.world\/es\/wp-json\/wp\/v2\/pages\/2364","targetHints":{"allow":["GET"]}}],"collection":[{"href":"https:\/\/www.oceanfreaks.world\/es\/wp-json\/wp\/v2\/pages"}],"about":[{"href":"https:\/\/www.oceanfreaks.world\/es\/wp-json\/wp\/v2\/types\/page"}],"author":[{"embeddable":true,"href":"https:\/\/www.oceanfreaks.world\/es\/wp-json\/wp\/v2\/users\/2"}],"replies":[{"embeddable":true,"href":"https:\/\/www.oceanfreaks.world\/es\/wp-json\/wp\/v2\/comments?post=2364"}],"version-history":[{"count":2,"href":"https:\/\/www.oceanfreaks.world\/es\/wp-json\/wp\/v2\/pages\/2364\/revisions"}],"predecessor-version":[{"id":2366,"href":"https:\/\/www.oceanfreaks.world\/es\/wp-json\/wp\/v2\/pages\/2364\/revisions\/2366"}],"wp:attachment":[{"href":"https:\/\/www.oceanfreaks.world\/es\/wp-json\/wp\/v2\/media?parent=2364"}],"wp:term":[{"taxonomy":"dipi_cpt_category","embeddable":true,"href":"https:\/\/www.oceanfreaks.world\/es\/wp-json\/wp\/v2\/dipi_cpt_category?post=2364"}],"curies":[{"name":"wp","href":"https:\/\/api.w.org\/{rel}","templated":true}]}}