{"id":714,"date":"2024-03-01T13:32:22","date_gmt":"2024-03-01T11:32:22","guid":{"rendered":"https:\/\/www.oceanfreaks.world\/?page_id=714"},"modified":"2026-03-20T13:12:00","modified_gmt":"2026-03-20T11:12:00","slug":"cafeteria-de-surf","status":"publish","type":"page","link":"https:\/\/www.oceanfreaks.world\/es\/cafeteria-de-surf\/","title":{"rendered":"Cafeter\u00eda de surf"},"content":{"rendered":"<p>[et_pb_section fb_built=\u00bb1&#8243; _builder_version=\u00bb4.24.0&#8243; _module_preset=\u00bbdefault\u00bb use_background_color_gradient=\u00bbon\u00bb background_color_gradient_stops=\u00bbrgba(29,38,51,0.56) 0%|rgba(29,38,51,0.56) 100%\u00bb background_color_gradient_overlays_image=\u00bbon\u00bb background_image=\u00bbhttps:\/\/www.oceanfreaks.world\/wp-content\/uploads\/2024\/03\/surf-cafe.jpg\u00bb custom_padding=\u00bb40px||40px||true|false\u00bb global_colors_info=\u00bb{}\u00bb][et_pb_row _builder_version=\u00bb4.24.0&#8243; _module_preset=\u00bbdefault\u00bb global_colors_info=\u00bb{}\u00bb][et_pb_column type=\u00bb4_4&#8243; _builder_version=\u00bb4.24.0&#8243; _module_preset=\u00bbdefault\u00bb global_colors_info=\u00bb{}\u00bb][et_pb_text _builder_version=\u00bb4.27.4&#8243; _module_preset=\u00bbdefault\u00bb text_font=\u00bb|700|||||||\u00bb text_text_color=\u00bb#FFFFFF\u00bb text_font_size=\u00bb20px\u00bb header_font=\u00bb|||on|||||\u00bb header_text_color=\u00bb#FFFFFF\u00bb text_orientation=\u00bbcenter\u00bb hover_enabled=\u00bb0&#8243; global_colors_info=\u00bb{}\u00bb sticky_enabled=\u00bb0&#8243;]<\/p>\n<h1>Surf Cafe in Playa de las Americas<\/h1>\n<p>Ocean Freaks Surf Cafe &#038; Burgers \u2013 P.\u00ba Mocan, Tenerife<br \/>\nHorario de apertura: lunes a domingo de 8:30 a 21:30[\/et_pb_text][et_pb_button button_url=\u00bbhttps:\/\/www.oceanfreaks.world\/wp-content\/uploads\/2023\/12\/menu-es.pdf\u00bb url_new_window=\u00bbon\u00bb button_text=\u00bbMen\u00fa\u00bb button_alignment=\u00bbcenter\u00bb _builder_version=\u00bb4.25.1&#8243; _module_preset=\u00bbdefault\u00bb global_colors_info=\u00bb{}\u00bb][\/et_pb_button][et_pb_button button_url=\u00bbhttps:\/\/maps.app.goo.gl\/M2kKU1R2opRy1oDm7&#8243; url_new_window=\u00bbon\u00bb button_text=\u00bbObtener las direcciones\u00bb button_alignment=\u00bbcenter\u00bb _builder_version=\u00bb4.25.1&#8243; _module_preset=\u00bbdefault\u00bb global_colors_info=\u00bb{}\u00bb][\/et_pb_button][\/et_pb_column][\/et_pb_row][\/et_pb_section][et_pb_section fb_built=\u00bb1&#8243; _builder_version=\u00bb4.24.0&#8243; _module_preset=\u00bbdefault\u00bb global_colors_info=\u00bb{}\u00bb][et_pb_row column_structure=\u00bb3_5,2_5&#8243; _builder_version=\u00bb4.24.0&#8243; _module_preset=\u00bbdefault\u00bb global_colors_info=\u00bb{}\u00bb][et_pb_column type=\u00bb3_5&#8243; _builder_version=\u00bb4.24.0&#8243; _module_preset=\u00bbdefault\u00bb global_colors_info=\u00bb{}\u00bb][et_pb_text _builder_version=\u00bb4.27.4&#8243; _module_preset=\u00bbdefault\u00bb hover_enabled=\u00bb0&#8243; global_colors_info=\u00bb{}\u00bb sticky_enabled=\u00bb0&#8243;]<\/p>\n<h2>Acerca de nuestro Surf Cafe<\/h2>\n<p>La cafeter\u00eda Ocean Freaks est\u00e1 ubicada en Playa de las Am\u00e9ricas, Arona (Tenerife), cerca de Costa Adeje y Los Cristianos, en el sur de la isla. Ofrecemos caf\u00e9 de alta calidad y platos saludables elaborados con ingredientes frescos. Nuestro local tiene un ambiente acogedor y surfista con vistas al oc\u00e9ano, ideal para relajarse tras una ma\u00f1ana de surf o un d\u00eda de playa. \u00a1Siempre eres bienvenido, sea para un desayuno energ\u00e9tico o una cena tard\u00eda con amigos![\/et_pb_text][et_pb_text _builder_version=\u00bb4.27.4&#8243; _module_preset=\u00bbdefault\u00bb hover_enabled=\u00bb0&#8243; sticky_enabled=\u00bb0&#8243;]<\/p>\n<h2>\u00bfPor qu\u00e9 elegir nuestra cafeter\u00eda?<\/h2>\n<p>[\/et_pb_text][et_pb_blurb use_icon=\u00bbon\u00bb font_icon=\u00bb&#x4e;||divi||400&#8243; icon_color=\u00bb#28A4C3&#8243; icon_placement=\u00bbleft\u00bb content_max_width=\u00bb100%\u00bb _builder_version=\u00bb4.27.4&#8243; _module_preset=\u00bbdefault\u00bb header_font=\u00bb|||on|||||\u00bb global_colors_info=\u00bb{}\u00bb]<\/p>\n<p><strong>Caf\u00e9 de calidad:<\/strong> Variedades de caf\u00e9 reci\u00e9n molido y bebidas fr\u00edas refrescantes, preparadas con las mejores materias primas.<\/p>\n<p>[\/et_pb_blurb][et_pb_blurb use_icon=\u00bbon\u00bb font_icon=\u00bb&#x4e;||divi||400&#8243; icon_color=\u00bb#28A4C3&#8243; icon_placement=\u00bbleft\u00bb content_max_width=\u00bb100%\u00bb _builder_version=\u00bb4.27.4&#8243; _module_preset=\u00bbdefault\u00bb header_font=\u00bb|||on|||||\u00bb global_colors_info=\u00bb{}\u00bb]<\/p>\n<p><strong>Smashburgers y hamburguesas artesanales:<\/strong> Jugosas hamburguesas gourmet reci\u00e9n hechas con ingredientes locales \u2013 opciones cl\u00e1sicas de carne, pollo o vegetarianas.<\/p>\n<p>[\/et_pb_blurb][et_pb_blurb use_icon=\u00bbon\u00bb font_icon=\u00bb&#x4e;||divi||400&#8243; icon_color=\u00bb#28A4C3&#8243; icon_placement=\u00bbleft\u00bb content_max_width=\u00bb100%\u00bb _builder_version=\u00bb4.27.4&#8243; _module_preset=\u00bbdefault\u00bb header_font=\u00bb|||on|||||\u00bb global_colors_info=\u00bb{}\u00bb]<\/p>\n<p><strong>Comida saludable:<\/strong> Platos frescos, ensaladas y bocadillos ligeros, pensados para una alimentaci\u00f3n equilibrada. Tenemos opciones vegetarianas y veganas.<\/p>\n<p>[\/et_pb_blurb][et_pb_blurb use_icon=\u00bbon\u00bb font_icon=\u00bb&#x4e;||divi||400&#8243; icon_color=\u00bb#28A4C3&#8243; icon_placement=\u00bbleft\u00bb content_max_width=\u00bb100%\u00bb _builder_version=\u00bb4.27.4&#8243; _module_preset=\u00bbdefault\u00bb header_font=\u00bb|||on|||||\u00bb global_colors_info=\u00bb{}\u00bb]<\/p>\n<p><strong>Ambiente surfero y acogedor:<\/strong> Un rinc\u00f3n familiar frente al mar, donde podr\u00e1s relajarte, escuchar buena m\u00fasica y charlar despu\u00e9s de surfear.<\/p>\n<p>[\/et_pb_blurb][et_pb_blurb use_icon=\u00bbon\u00bb font_icon=\u00bb&#x4e;||divi||400&#8243; icon_color=\u00bb#28A4C3&#8243; icon_placement=\u00bbleft\u00bb content_max_width=\u00bb100%\u00bb _builder_version=\u00bb4.27.4&#8243; _module_preset=\u00bbdefault\u00bb header_font=\u00bb|||on|||||\u00bb global_colors_info=\u00bb{}\u00bb]<\/p>\n<p><strong>Horario extendido:<\/strong> Abiertos todos los d\u00edas hasta las 21:30, perfectos para cenas tarde y caf\u00e9 nocturno.<\/p>\n<p>[\/et_pb_blurb][et_pb_code _builder_version=\u00bb4.27.4&#8243; _module_preset=\u00bbdefault\u00bb locked=\u00bboff\u00bb global_colors_info=\u00bb{}\u00bb]<\/p>\n<div id=\"TA_restaurantWidgetWhite228\" class=\"TA_restaurantWidgetWhite\">\n<ul id=\"wMpOIrm\" class=\"TA_links jnAzLaony\">\n<li id=\"CrFB4F\" class=\"zqQJSFle\"><a target=\"_blank\" href=\"https:\/\/www.tripadvisor.com\/\" rel=\"noopener\"><img decoding=\"async\" src=\"https:\/\/www.tripadvisor.com\/img\/cdsi\/img2\/branding\/v2\/Tripadvisor_lockup_horizontal_registered-24177-2.svg\" alt=\"Tripadvisor\"\/><\/a><\/li>\n<\/ul>\n<\/div>\n<p><script async src=\"https:\/\/www.jscache.com\/wejs?wtype=restaurantWidgetWhite&#038;uniq=228&#038;locationId=25247931&#038;lang=en_US&#038;display_version=2\" data-loadtrk onload=\"this.loadtrk=true\"><\/script>[\/et_pb_code][\/et_pb_column][et_pb_column type=\u00bb2_5&#8243; _builder_version=\u00bb4.24.0&#8243; _module_preset=\u00bbdefault\u00bb global_colors_info=\u00bb{}\u00bb][et_pb_image src=\u00bbhttps:\/\/www.oceanfreaks.world\/wp-content\/uploads\/2025\/09\/Ocean-Freaks-Cafe-2.jpg\u00bb alt=\u00bbCaf\u00e9 de surf\u00bb title_text=\u00bbOcean Freaks Cafe (2)\u00bb show_in_lightbox=\u00bbon\u00bb _builder_version=\u00bb4.27.4&#8243; _module_preset=\u00bbdefault\u00bb global_colors_info=\u00bb{}\u00bb][\/et_pb_image][et_pb_image src=\u00bbhttps:\/\/www.oceanfreaks.world\/wp-content\/uploads\/2025\/09\/Ocean-Freaks-Cafe-Las-Americas.jpg\u00bb alt=\u00bbOcean Freaks Cafe\u00bb title_text=\u00bbOcean Freaks Cafe Las Americas\u00bb show_in_lightbox=\u00bbon\u00bb _builder_version=\u00bb4.27.4&#8243; _module_preset=\u00bbdefault\u00bb global_colors_info=\u00bb{}\u00bb][\/et_pb_image][\/et_pb_column][\/et_pb_row][et_pb_row _builder_version=\u00bb4.24.0&#8243; _module_preset=\u00bbdefault\u00bb global_colors_info=\u00bb{}\u00bb][et_pb_column type=\u00bb4_4&#8243; _builder_version=\u00bb4.24.0&#8243; _module_preset=\u00bbdefault\u00bb global_colors_info=\u00bb{}\u00bb][et_pb_text _builder_version=\u00bb4.27.4&#8243; _module_preset=\u00bbdefault\u00bb text_orientation=\u00bbcenter\u00bb hover_enabled=\u00bb0&#8243; sticky_enabled=\u00bb0&#8243;]<\/p>\n<h2>Galer\u00eda Surf Cafe<\/h2>\n<p>[\/et_pb_text][et_pb_button button_url=\u00bbhttps:\/\/www.instagram.com\/oceanfreaks_cafe.tenerife\/\u00bb url_new_window=\u00bbon\u00bb button_text=\u00bbinstagram\u00bb button_alignment=\u00bbcenter\u00bb _builder_version=\u00bb4.24.0&#8243; _module_preset=\u00bbdefault\u00bb global_colors_info=\u00bb{}\u00bb][\/et_pb_button][\/et_pb_column][\/et_pb_row][et_pb_row use_custom_gutter=\u00bbon\u00bb gutter_width=\u00bb2&#8243; _builder_version=\u00bb4.24.0&#8243; _module_preset=\u00bbdefault\u00bb global_colors_info=\u00bb{}\u00bb][et_pb_column type=\u00bb4_4&#8243; _builder_version=\u00bb4.24.0&#8243; _module_preset=\u00bbdefault\u00bb global_colors_info=\u00bb{}\u00bb][et_pb_gallery gallery_ids=\u00bb1501,1498,1516,1513,467,1504,471,473,1089,1092,158,159,160,162,163,165&#8243; posts_number=\u00bb8&#8243; show_title_and_caption=\u00bboff\u00bb show_pagination=\u00bboff\u00bb zoom_icon_color=\u00bb#28A4C3&#8243; _builder_version=\u00bb4.27.4&#8243; _module_preset=\u00bbdefault\u00bb locked=\u00bboff\u00bb global_colors_info=\u00bb{}\u00bb][\/et_pb_gallery][\/et_pb_column][\/et_pb_row][\/et_pb_section]<\/p>\n","protected":false},"excerpt":{"rendered":"<p>Surf Cafe in Playa de las Americas Ocean Freaks Surf Cafe &#038; Burgers \u2013 P.\u00ba Mocan, Tenerife Horario de apertura: lunes a domingo de 8:30 a 21:30Acerca de nuestro Surf Cafe La cafeter\u00eda Ocean Freaks est\u00e1 ubicada en Playa de las Am\u00e9ricas, Arona (Tenerife), cerca de Costa Adeje y Los Cristianos, en el sur de [&hellip;]<\/p>\n","protected":false},"author":2,"featured_media":515,"parent":0,"menu_order":0,"comment_status":"closed","ping_status":"closed","template":"","meta":{"_et_pb_use_builder":"on","_et_pb_old_content":"[et_pb_section fb_built=\"1\" _builder_version=\"4.24.0\" _module_preset=\"default\" use_background_color_gradient=\"on\" background_color_gradient_stops=\"rgba(29,38,51,0.56) 0%|rgba(29,38,51,0.56) 100%\" background_color_gradient_overlays_image=\"on\" background_image=\"https:\/\/www.oceanfreaks.world\/wp-content\/uploads\/2024\/03\/surf-cafe.jpg\" custom_padding=\"40px||40px||true|false\" global_colors_info=\"{}\"][et_pb_row _builder_version=\"4.24.0\" _module_preset=\"default\" global_colors_info=\"{}\"][et_pb_column type=\"4_4\" _builder_version=\"4.24.0\" _module_preset=\"default\" global_colors_info=\"{}\"][et_pb_text _builder_version=\"4.25.1\" _module_preset=\"default\" text_font=\"|700|||||||\" text_text_color=\"#FFFFFF\" text_font_size=\"20px\" header_font=\"|||on|||||\" header_text_color=\"#FFFFFF\" text_orientation=\"center\" hover_enabled=\"0\" global_colors_info=\"{}\" sticky_enabled=\"0\"]<h1>\u0421\u0451\u0440\u0444 \u043a\u0430\u0444\u0435<\/h1>\r\n<p>P.\u00ba Mocan, Playa de la Am\u00e9ricas,<br \/>Santa Cruz de Tenerife, \u0418\u0441\u043f\u0430\u043d\u0438\u044f<br \/>\u0412\u0440\u0435\u043c\u044f \u0440\u0430\u0431\u043e\u0442\u044b: \u041f\u043d-\u0412\u0441 8:00-18:00<\/p>[\/et_pb_text][et_pb_button button_url=\"https:\/\/www.oceanfreaks.world\/wp-content\/uploads\/2023\/12\/menu-ru.pdf\" url_new_window=\"on\" button_text=\"\u041c\u0435\u043d\u044e\" button_alignment=\"center\" _builder_version=\"4.24.0\" _module_preset=\"default\" global_colors_info=\"{}\"][\/et_pb_button][et_pb_button button_url=\"https:\/\/maps.app.goo.gl\/M2kKU1R2opRy1oDm7\" url_new_window=\"on\" button_text=\"\u041f\u0440\u043e\u043b\u043e\u0436\u0438\u0442\u044c \u043c\u0430\u0440\u0448\u0440\u0443\u0442\" button_alignment=\"center\" _builder_version=\"4.24.0\" _module_preset=\"default\" global_colors_info=\"{}\"][\/et_pb_button][\/et_pb_column][\/et_pb_row][\/et_pb_section][et_pb_section fb_built=\"1\" _builder_version=\"4.24.0\" _module_preset=\"default\" global_colors_info=\"{}\"][et_pb_row column_structure=\"3_5,2_5\" _builder_version=\"4.24.0\" _module_preset=\"default\" global_colors_info=\"{}\"][et_pb_column type=\"3_5\" _builder_version=\"4.24.0\" _module_preset=\"default\" global_colors_info=\"{}\"][et_pb_text _builder_version=\"4.24.0\" _module_preset=\"default\" global_colors_info=\"{}\"]<p>\u0412 \u043d\u0430\u0448\u0435\u043c \u0443\u044e\u0442\u043d\u043e\u043c \u043a\u0430\u0444\u0435 \u043c\u044b \u0440\u0430\u0434\u044b \u043f\u0440\u0435\u0434\u043b\u043e\u0436\u0438\u0442\u044c \u0432\u0430\u043c \u043d\u0435 \u0442\u043e\u043b\u044c\u043a\u043e \u0432\u043a\u0443\u0441\u043d\u044b\u0435 \u0431\u043b\u044e\u0434\u0430 \u0438 \u043d\u0430\u043f\u0438\u0442\u043a\u0438, \u043d\u043e \u0438 \u0430\u0442\u043c\u043e\u0441\u0444\u0435\u0440\u0443 \u0434\u0440\u0443\u0436\u0435\u043b\u044e\u0431\u0438\u044f \u0438 \u0443\u044e\u0442\u0430, \u043a\u043e\u0442\u043e\u0440\u0430\u044f \u0434\u043e\u043f\u043e\u043b\u043d\u0438\u0442 \u0432\u0430\u0448 \u043e\u043f\u044b\u0442 \u0437\u0434\u0435\u0441\u044c, \u043d\u0430 \u0422\u0435\u043d\u0435\u0440\u0438\u0444\u0435.<\/p>\r\n<p><span>\u041d\u0435\u0432\u0430\u0436\u043d\u043e, \u0432\u044b \u043f\u0440\u0438\u0448\u043b\u0438 \u0437\u0430 \u043f\u0440\u0435\u043a\u0440\u0430\u0441\u043d\u044b\u043c \u0437\u0430\u0432\u0442\u0440\u0430\u043a\u043e\u043c \u043f\u0435\u0440\u0435\u0434 \u0441\u0451\u0440\u0444\u0438\u043d\u0433\u043e\u043c, \u043b\u0435\u0433\u043a\u0438\u043c \u043e\u0431\u0435\u0434\u043e\u043c \u043f\u043e\u0441\u043b\u0435 \u0442\u0440\u0435\u043d\u0438\u0440\u043e\u0432\u043a\u0438 \u0438\u043b\u0438 \u0443\u0436\u0438\u043d\u043e\u043c \u0432 \u043a\u0440\u0443\u0433\u0443 \u0434\u0440\u0443\u0437\u0435\u0439, \u043c\u044b \u0432\u0441\u0435\u0433\u0434\u0430 \u0440\u0430\u0434\u044b \u0432\u0438\u0434\u0435\u0442\u044c \u0432\u0430\u0441 \u0443 \u043d\u0430\u0441.<\/span><\/p>[\/et_pb_text][et_pb_blurb title=\"\u041f\u043e\u0441\u0435\u0442\u0438\u0442\u0435 \u043d\u0430\u0448\u0435 \u043a\u0430\u0444\u0435\" use_icon=\"on\" font_icon=\"N||divi||400\" icon_color=\"#28A4C3\" icon_placement=\"left\" content_max_width=\"100%\" _builder_version=\"4.24.0\" _module_preset=\"default\" header_font=\"|||on|||||\" global_colors_info=\"{}\"]\u0412 \u043d\u0430\u0448\u0435\u043c \u043a\u043e\u0444\u0435 \u0432\u044b \u043d\u0430\u0439\u0434\u0435\u0442\u0435 \u043b\u0443\u0447\u0448\u0438\u0435 \u0441\u043e\u0440\u0442\u0430 \u043a\u043e\u0444\u0435 \u0438 \u0431\u043e\u0433\u0430\u0442\u044b\u0439 \u0432\u044b\u0431\u043e\u0440 \u043a\u043e\u0444\u0435\u0439\u043d\u044b\u0445 \u043d\u0430\u043f\u0438\u0442\u043a\u043e\u0432. \u041c\u044b \u0438\u0441\u043f\u043e\u043b\u044c\u0437\u0443\u0435\u043c \u0442\u043e\u043b\u044c\u043a\u043e \u043a\u0430\u0447\u0435\u0441\u0442\u0432\u0435\u043d\u043d\u044b\u0435 \u0438\u043d\u0433\u0440\u0435\u0434\u0438\u0435\u043d\u0442\u044b \u0438 \u043f\u0440\u0438\u0434\u0435\u0440\u0436\u0438\u0432\u0430\u0435\u043c\u0441\u044f \u0438\u0434\u0435\u0438 \u0437\u0434\u043e\u0440\u043e\u0432\u043e\u0433\u043e \u043f\u0438\u0442\u0430\u043d\u0438\u044f. \u041d\u0430\u0441\u043b\u0430\u0434\u0438\u0442\u0435\u0441\u044c \u0440\u0430\u0437\u043d\u043e\u043e\u0431\u0440\u0430\u0437\u0438\u0435\u043c \u0431\u043b\u044e\u0434 \u0438 \u043e\u0431\u0448\u0438\u0440\u043d\u044b\u043c \u0432\u044b\u0431\u043e\u0440\u043e\u043c \u0432\u0435\u0433\u0435\u0442\u0430\u0440\u0438\u0430\u043d\u0441\u043a\u0438\u0445 \u043e\u043f\u0446\u0438\u0439.  [\/et_pb_blurb][et_pb_blurb title=\"\u041e\u0442\u0434\u044b\u0445\u0430\u0439\u0442\u0435 \u0441 \u0443\u0434\u043e\u0432\u043e\u043b\u044c\u0441\u0442\u0432\u0438\u0435\u043c\" use_icon=\"on\" font_icon=\"N||divi||400\" icon_color=\"#28A4C3\" icon_placement=\"left\" content_max_width=\"100%\" _builder_version=\"4.24.0\" _module_preset=\"default\" header_font=\"|||on|||||\" global_colors_info=\"{}\"]<p>\u041f\u0440\u0438\u0433\u043b\u0430\u0448\u0430\u0435\u043c \u0432\u0430\u0441 \u043f\u0440\u043e\u0432\u0435\u0441\u0442\u0438 \u0432\u0440\u0435\u043c\u044f \u0432 \u043d\u0430\u0448\u0435\u043c \u043a\u0430\u0444\u0435, \u043d\u0430\u0441\u043b\u0430\u0436\u0434\u0430\u044f\u0441\u044c \u0432\u0438\u0434\u0430\u043c\u0438 \u043e\u043a\u0435\u0430\u043d\u0430 \u0438 \u0434\u0440\u0443\u0436\u0435\u0441\u043a\u043e\u0439 \u0430\u0442\u043c\u043e\u0441\u0444\u0435\u0440\u043e\u0439. \u041d\u0430\u0448 \u043f\u0435\u0440\u0441\u043e\u043d\u0430\u043b \u0432\u0441\u0435\u0433\u0434\u0430 \u0433\u043e\u0442\u043e\u0432 \u043f\u0440\u0435\u0434\u043b\u043e\u0436\u0438\u0442\u044c \u0432\u0430\u043c \u043b\u0443\u0447\u0448\u0438\u0439 \u0441\u0435\u0440\u0432\u0438\u0441 \u0438 \u043f\u043e\u043c\u043e\u0447\u044c \u0432\u0430\u043c \u0441\u0434\u0435\u043b\u0430\u0442\u044c \u0432\u0430\u0448 \u0432\u0438\u0437\u0438\u0442 \u043d\u0435\u0437\u0430\u0431\u044b\u0432\u0430\u0435\u043c\u044b\u043c.<\/p>[\/et_pb_blurb][et_pb_blurb title=\"\u0420\u0430\u0441\u0441\u043b\u0430\u0431\u044c\u0442\u0435\u0441\u044c \u043f\u043e\u0441\u043b\u0435 \u0441\u0451\u0440\u0444\u0438\u043d\u0433\u0430\" use_icon=\"on\" font_icon=\"N||divi||400\" icon_color=\"#28A4C3\" icon_placement=\"left\" content_max_width=\"100%\" _builder_version=\"4.24.0\" _module_preset=\"default\" header_font=\"|||on|||||\" body_font=\"Roboto||||||||\" global_colors_info=\"{}\"]<p>\u041f\u043e\u0441\u043b\u0435 \u0434\u0438\u043d\u0430\u043c\u0438\u0447\u043d\u044b\u0445 \u0442\u0440\u0435\u043d\u0438\u0440\u043e\u0432\u043e\u043a \u043d\u0430 \u0432\u043e\u0434\u0435 \u0438\u043b\u0438 \u0438\u043d\u0442\u0435\u043d\u0441\u0438\u0432\u043d\u044b\u0445 \u0437\u0430\u043d\u044f\u0442\u0438\u0439 \u0432 \u0448\u043a\u043e\u043b\u0435 \u0441\u0451\u0440\u0444\u0438\u043d\u0433\u0430, \u0443 \u043d\u0430\u0441 \u0432\u044b \u043d\u0430\u0439\u0434\u0435\u0442\u0435 \u0438\u0434\u0435\u0430\u043b\u044c\u043d\u043e\u0435 \u043c\u0435\u0441\u0442\u043e \u0434\u043b\u044f \u043e\u0442\u0434\u044b\u0445\u0430 \u0438 \u0432\u043e\u0441\u0441\u0442\u0430\u043d\u043e\u0432\u043b\u0435\u043d\u0438\u044f \u0441\u0438\u043b. \u0420\u0430\u0441\u0441\u043b\u0430\u0431\u044c\u0442\u0435\u0441\u044c \u0432 \u043f\u0440\u0438\u044f\u0442\u043d\u043e\u0439 \u043e\u0431\u0441\u0442\u0430\u043d\u043e\u0432\u043a\u0435, \u043d\u0430\u0441\u043b\u0430\u0436\u0434\u0430\u044f\u0441\u044c \u0432\u043a\u0443\u0441\u043d\u044b\u043c\u0438 \u0437\u0430\u043a\u0443\u0441\u043a\u0430\u043c\u0438 \u0438 \u043d\u0430\u043f\u0438\u0442\u043a\u0430\u043c\u0438, \u043e\u0431\u0441\u0443\u0436\u0434\u0430\u044f \u0441\u0432\u043e\u0438 \u0432\u043f\u0435\u0447\u0430\u0442\u043b\u0435\u043d\u0438\u044f \u0438 \u043f\u043b\u0430\u043d\u044b \u043d\u0430 \u0434\u0435\u043d\u044c.<\/p>[\/et_pb_blurb][\/et_pb_column][et_pb_column type=\"2_5\" _builder_version=\"4.24.0\" _module_preset=\"default\" global_colors_info=\"{}\"][et_pb_image src=\"https:\/\/www.oceanfreaks.world\/wp-content\/uploads\/2024\/03\/lounge.jpg\" title_text=\"lounge\" show_in_lightbox=\"on\" _builder_version=\"4.24.0\" _module_preset=\"default\" global_colors_info=\"{}\"][\/et_pb_image][et_pb_image src=\"https:\/\/www.oceanfreaks.world\/wp-content\/uploads\/2024\/03\/lounge2.jpg\" title_text=\"lounge2\" show_in_lightbox=\"on\" _builder_version=\"4.24.0\" _module_preset=\"default\" global_colors_info=\"{}\"][\/et_pb_image][\/et_pb_column][\/et_pb_row][et_pb_row _builder_version=\"4.24.0\" _module_preset=\"default\" global_colors_info=\"{}\"][et_pb_column type=\"4_4\" _builder_version=\"4.24.0\" _module_preset=\"default\" global_colors_info=\"{}\"][et_pb_button button_url=\"https:\/\/www.instagram.com\/oceanfreaks_cafe.tenerife\/\" url_new_window=\"on\" button_text=\"instagram\" button_alignment=\"center\" _builder_version=\"4.24.0\" _module_preset=\"default\" global_colors_info=\"{}\"][\/et_pb_button][\/et_pb_column][\/et_pb_row][et_pb_row use_custom_gutter=\"on\" gutter_width=\"2\" _builder_version=\"4.24.0\" _module_preset=\"default\" global_colors_info=\"{}\"][et_pb_column type=\"4_4\" _builder_version=\"4.24.0\" _module_preset=\"default\" global_colors_info=\"{}\"][et_pb_gallery gallery_ids=\"158,159,160,161,162,163,164,165\" posts_number=\"8\" show_title_and_caption=\"off\" show_pagination=\"off\" zoom_icon_color=\"#28A4C3\" _builder_version=\"4.24.0\" _module_preset=\"default\" global_colors_info=\"{}\"][\/et_pb_gallery][\/et_pb_column][\/et_pb_row][\/et_pb_section]","_et_gb_content_width":"","footnotes":""},"dipi_cpt_category":[],"class_list":["post-714","page","type-page","status-publish","has-post-thumbnail","hentry"],"_links":{"self":[{"href":"https:\/\/www.oceanfreaks.world\/es\/wp-json\/wp\/v2\/pages\/714","targetHints":{"allow":["GET"]}}],"collection":[{"href":"https:\/\/www.oceanfreaks.world\/es\/wp-json\/wp\/v2\/pages"}],"about":[{"href":"https:\/\/www.oceanfreaks.world\/es\/wp-json\/wp\/v2\/types\/page"}],"author":[{"embeddable":true,"href":"https:\/\/www.oceanfreaks.world\/es\/wp-json\/wp\/v2\/users\/2"}],"replies":[{"embeddable":true,"href":"https:\/\/www.oceanfreaks.world\/es\/wp-json\/wp\/v2\/comments?post=714"}],"version-history":[{"count":4,"href":"https:\/\/www.oceanfreaks.world\/es\/wp-json\/wp\/v2\/pages\/714\/revisions"}],"predecessor-version":[{"id":2107,"href":"https:\/\/www.oceanfreaks.world\/es\/wp-json\/wp\/v2\/pages\/714\/revisions\/2107"}],"wp:featuredmedia":[{"embeddable":true,"href":"https:\/\/www.oceanfreaks.world\/es\/wp-json\/wp\/v2\/media\/515"}],"wp:attachment":[{"href":"https:\/\/www.oceanfreaks.world\/es\/wp-json\/wp\/v2\/media?parent=714"}],"wp:term":[{"taxonomy":"dipi_cpt_category","embeddable":true,"href":"https:\/\/www.oceanfreaks.world\/es\/wp-json\/wp\/v2\/dipi_cpt_category?post=714"}],"curies":[{"name":"wp","href":"https:\/\/api.w.org\/{rel}","templated":true}]}}