{"id":978,"date":"2025-03-21T11:07:14","date_gmt":"2025-03-21T09:07:14","guid":{"rendered":"https:\/\/www.oceanfreaks.world\/?page_id=978"},"modified":"2026-04-01T11:58:05","modified_gmt":"2026-04-01T09:58:05","slug":"efoil","status":"publish","type":"page","link":"https:\/\/www.oceanfreaks.world\/es\/efoil\/","title":{"rendered":"eFoil"},"content":{"rendered":"<p>[et_pb_section fb_built=\u00bb1&#8243; _builder_version=\u00bb4.27.4&#8243; _module_preset=\u00bbdefault\u00bb use_background_color_gradient=\u00bbon\u00bb background_color_gradient_stops=\u00bbrgba(29,38,51,0.56) 0%|rgba(29,38,51,0.56) 100%\u00bb background_color_gradient_overlays_image=\u00bbon\u00bb background_image=\u00bbhttps:\/\/www.oceanfreaks.world\/wp-content\/uploads\/2025\/03\/efoil1-2.jpg\u00bb background_position=\u00bbbottom_center\u00bb background_vertical_offset=\u00bb40%\u00bb custom_padding=\u00bb80px||80px||true|false\u00bb global_colors_info=\u00bb{}\u00bb][et_pb_row _builder_version=\u00bb4.24.0&#8243; _module_preset=\u00bbdefault\u00bb global_colors_info=\u00bb{}\u00bb][et_pb_column type=\u00bb4_4&#8243; _builder_version=\u00bb4.24.0&#8243; _module_preset=\u00bbdefault\u00bb global_colors_info=\u00bb{}\u00bb][et_pb_text _builder_version=\u00bb4.27.4&#8243; _module_preset=\u00bbdefault\u00bb text_font=\u00bb|700|||||||\u00bb text_text_color=\u00bb#FFFFFF\u00bb text_font_size=\u00bb20px\u00bb header_font=\u00bb|||on|||||\u00bb header_text_color=\u00bb#FFFFFF\u00bb text_orientation=\u00bbcenter\u00bb global_colors_info=\u00bb{}\u00bb]<\/p>\n<h1>Clases de eFoil Tenerife<\/h1>\n<p>[\/et_pb_text][et_pb_button button_url=\u00bb#price\u00bb button_text=\u00bbDescubre el precio\u00bb button_alignment=\u00bbcenter\u00bb _builder_version=\u00bb4.27.4&#8243; _module_preset=\u00bbdefault\u00bb global_colors_info=\u00bb{}\u00bb][\/et_pb_button][\/et_pb_column][\/et_pb_row][\/et_pb_section][et_pb_section fb_built=\u00bb1&#8243; _builder_version=\u00bb4.24.0&#8243; _module_preset=\u00bbdefault\u00bb global_colors_info=\u00bb{}\u00bb][et_pb_row column_structure=\u00bb3_5,2_5&#8243; _builder_version=\u00bb4.24.0&#8243; _module_preset=\u00bbdefault\u00bb global_colors_info=\u00bb{}\u00bb][et_pb_column type=\u00bb3_5&#8243; _builder_version=\u00bb4.24.0&#8243; _module_preset=\u00bbdefault\u00bb global_colors_info=\u00bb{}\u00bb][et_pb_text _builder_version=\u00bb4.27.4&#8243; _module_preset=\u00bbdefault\u00bb link_text_color=\u00bb#666666&#8243; global_colors_info=\u00bb{}\u00bb]<\/p>\n<p>Experimenta la sensaci\u00f3n de volar sobre el agua con eFoil Tenerife, una innovadora tabla con motor el\u00e9ctrico. No es solo surf, sino una nueva dimensi\u00f3n de la libertad, la velocidad y el control. Podr\u00e1s deslizarte sobre la lisa superficie del oc\u00e9ano, sobre las olas, disfrutando de la facilidad de movimiento y de las sensaciones inolvidables.<\/p>\n<p>[\/et_pb_text][et_pb_text _builder_version=\u00bb4.27.4&#8243; _module_preset=\u00bbdefault\u00bb global_colors_info=\u00bb{}\u00bb]<\/p>\n<h2>\u00bfPor qu\u00e9 eFoil?<\/h2>\n<p>eFoil clases Tenerife combina elementos del surf, el windsurf y el wakeboard, pero no requiere olas ni viento. Es ideal tanto para los principiantes como para los riders experimentados que quieran llevar sus aventuras acu\u00e1ticas al siguiente nivel. El equilibrio, la coordinaci\u00f3n y la fluidez son los aspectos clave que te ayudar\u00e1n a dominar esta t\u00e9cnica y a sentirte en armon\u00eda con el oc\u00e9ano.<\/p>\n<p>Aunque el eFoil es una disciplina independiente, las habilidades que se adquieren con esta tabla son excelentes para desarrollar el equilibrio, los reflejos y la confianza en el agua. Estas habilidades ayudar\u00e1n a quienes ya practican surf e inspirar\u00e1n a los principiantes a probar formas tradicionales de conquistar las olas. A su vez, los surfistas descubrir\u00e1n que el eFoil les permite navegar en cualquier condici\u00f3n, sin depender las de olas ni del viento.<\/p>\n<p>[\/et_pb_text][\/et_pb_column][et_pb_column type=\u00bb2_5&#8243; _builder_version=\u00bb4.24.0&#8243; _module_preset=\u00bbdefault\u00bb global_colors_info=\u00bb{}\u00bb][et_pb_image src=\u00bbhttps:\/\/www.oceanfreaks.world\/wp-content\/uploads\/2025\/03\/efoil4.jpg\u00bb alt=\u00bb\u041a\u0430\u0439\u0442 \u0448\u043a\u043e\u043b\u0430 \u0442\u0435\u043d\u0435\u0440\u0438\u0444\u0435\u00bb title_text=\u00bbefoil4&#8243; show_in_lightbox=\u00bbon\u00bb _builder_version=\u00bb4.27.4&#8243; _module_preset=\u00bbdefault\u00bb global_colors_info=\u00bb{}\u00bb][\/et_pb_image][\/et_pb_column][\/et_pb_row][et_pb_row _builder_version=\u00bb4.24.0&#8243; _module_preset=\u00bbdefault\u00bb global_colors_info=\u00bb{}\u00bb][et_pb_column type=\u00bb4_4&#8243; _builder_version=\u00bb4.24.0&#8243; _module_preset=\u00bbdefault\u00bb global_colors_info=\u00bb{}\u00bb][et_pb_cta title=\u00bbeFoil Tenerife\u00bb button_url=\u00bbhttps:\/\/www.oceanfreaks.world\/es\/contactos\/?menu-101=eFoil\u00bb button_text=\u00bbEnviar petici\u00f3n\u00bb _builder_version=\u00bb4.27.4&#8243; _module_preset=\u00bbdefault\u00bb background_color=\u00bb#28A4C3&#8243; global_colors_info=\u00bb{}\u00bb]Env\u00eda tu solicitud ahora mismo y s\u00e9 uno de los primeros en probar la novedad: \u00a1volar sobre el agua en eFoil!<\/p>\n<p>Cancelaci\u00f3n gratuita hasta 24 horas antes del inicio. Un cambio de fecha gratuito hasta 24 horas antes del inicio. Algunas actividades pueden tener plazos distintos.[\/et_pb_cta][\/et_pb_column][\/et_pb_row][et_pb_row column_structure=\u00bb2_5,3_5&#8243; _builder_version=\u00bb4.24.0&#8243; _module_preset=\u00bbdefault\u00bb global_colors_info=\u00bb{}\u00bb][et_pb_column type=\u00bb2_5&#8243; _builder_version=\u00bb4.24.0&#8243; _module_preset=\u00bbdefault\u00bb global_colors_info=\u00bb{}\u00bb][et_pb_image src=\u00bbhttps:\/\/www.oceanfreaks.world\/wp-content\/uploads\/2025\/03\/efoil5.jpg\u00bb title_text=\u00bbefoil5&#8243; _builder_version=\u00bb4.27.4&#8243; _module_preset=\u00bbdefault\u00bb global_colors_info=\u00bb{}\u00bb][\/et_pb_image][\/et_pb_column][et_pb_column type=\u00bb3_5&#8243; _builder_version=\u00bb4.25.2&#8243; _module_preset=\u00bbdefault\u00bb global_colors_info=\u00bb{}\u00bb][et_pb_blurb title=\u00bbEntrenamiento individual\u00bb use_icon=\u00bbon\u00bb font_icon=\u00bb&#x4e;||divi||400&#8243; icon_color=\u00bb#28A4C3&#8243; icon_placement=\u00bbleft\u00bb content_max_width=\u00bb100%\u00bb _builder_version=\u00bb4.27.4&#8243; _module_preset=\u00bbdefault\u00bb header_level=\u00bbh3&#8243; header_font=\u00bb|||on|||||\u00bb body_link_text_color=\u00bb#666666&#8243; global_colors_info=\u00bb{}\u00bb]<\/p>\n<p>Nuestros instructores te ayudar\u00e1n a dominar el eFoil desde cero o a mejorar tus habilidades. Adaptamos las clases eFoil Tenerife a tus capacidades y objetivos, creando un ambiente c\u00f3modo para el aprendizaje. Tras unas pocas clases, aprender\u00e1s a controlar la tabla con confianza, a mantener el equilibrio y a disfrutar de la facilidad de movimiento.<\/p>\n<p>[\/et_pb_blurb][et_pb_blurb title=\u00bbSeguridad y pr\u00e1ctica\u00bb use_icon=\u00bbon\u00bb font_icon=\u00bb&#x4e;||divi||400&#8243; icon_color=\u00bb#28A4C3&#8243; icon_placement=\u00bbleft\u00bb content_max_width=\u00bb100%\u00bb _builder_version=\u00bb4.27.4&#8243; _module_preset=\u00bbdefault\u00bb header_level=\u00bbh3&#8243; header_font=\u00bb|||on|||||\u00bb global_colors_info=\u00bb{}\u00bb]<\/p>\n<p>Comenzamos las clases de eFoil Tenerife con la teor\u00eda, nos familiarizamos con el equipo, aprendemos a pararnos en la tabla y a controlarla correctamente. Despu\u00e9s, practicamos en el agua, aumentando gradualmente la velocidad y la maniobrabilidad. Gracias al entrenamiento fluido y al apoyo del instructor, r\u00e1pidamente te sentir\u00e1s seguro y disfrutar\u00e1s volando sobre el oc\u00e9ano.<\/p>\n<p>[\/et_pb_blurb][et_pb_blurb title=\u00bbProgreso y nuevas oportunidades\u00bb use_icon=\u00bbon\u00bb font_icon=\u00bb&#x4e;||divi||400&#8243; icon_color=\u00bb#28A4C3&#8243; icon_placement=\u00bbleft\u00bb content_max_width=\u00bb100%\u00bb _builder_version=\u00bb4.27.4&#8243; _module_preset=\u00bbdefault\u00bb header_level=\u00bbh3&#8243; header_font=\u00bb|||on|||||\u00bb body_font=\u00bbRoboto||||||||\u00bb global_colors_info=\u00bb{}\u00bb]<\/p>\n<p>Con cada clase, te sentir\u00e1s m\u00e1s seguro, dominando maniobras m\u00e1s complejas y aumentando la velocidad. El eFoil te abre nuevas facetas de la navegaci\u00f3n acu\u00e1tica, permiti\u00e9ndote moverte con suavidad y facilidad, independientemente de las olas y el viento. Esta habilidad ser\u00e1 una gran adici\u00f3n para los aficionados al surf y otros deportes acu\u00e1ticos, ya que ayuda a desarrollar el equilibrio, la reacci\u00f3n y la coordinaci\u00f3n.<\/p>\n<p>[\/et_pb_blurb][\/et_pb_column][\/et_pb_row][et_pb_row module_id=\u00bbprice\u00bb _builder_version=\u00bb4.24.0&#8243; _module_preset=\u00bbdefault\u00bb global_colors_info=\u00bb{}\u00bb][et_pb_column type=\u00bb4_4&#8243; _builder_version=\u00bb4.24.0&#8243; _module_preset=\u00bbdefault\u00bb global_colors_info=\u00bb{}\u00bb][et_pb_text _builder_version=\u00bb4.27.4&#8243; _module_preset=\u00bbdefault\u00bb text_orientation=\u00bbcenter\u00bb global_colors_info=\u00bb{}\u00bb]<\/p>\n<h2>Precios de las clases de eFoil en Tenerife<\/h2>\n<p><strong>\u00a1Las clases son solo con una cita previa!<\/strong><\/p>\n<p>[\/et_pb_text][dipi_price_list item_text_padding=\u00bb0px||0px||true|false\u00bb _builder_version=\u00bb4.27.4&#8243; _module_preset=\u00bbdefault\u00bb title_font=\u00bbRoboto|500|||||||\u00bb title_font_size=\u00bb20px\u00bb price_font=\u00bbOswald|600|||||||\u00bb price_text_color=\u00bb#0C71C3&#8243; price_font_size=\u00bb22px\u00bb width=\u00bb60%\u00bb width_tablet=\u00bb60%\u00bb width_phone=\u00bb60%\u00bb width_last_edited=\u00bbon|desktop\u00bb module_alignment=\u00bbcenter\u00bb module_alignment_last_edited=\u00bboff|desktop\u00bb global_colors_info=\u00bb{}\u00bb][dipi_price_list_item title=\u00bbClase individual 60 min\u00bb price=\u00bb100&#8243; price_suffix=\u00bb\u20ac \u00bb _builder_version=\u00bb4.27.4&#8243; _module_preset=\u00bbdefault\u00bb title_level=\u00bbh3&#8243; global_colors_info=\u00bb{}\u00bb][\/dipi_price_list_item][dipi_price_list_item title=\u00bbClase individual 90 min\u00bb price=\u00bb135&#8243; price_suffix=\u00bb\u20ac \u00bb _builder_version=\u00bb4.27.4&#8243; _module_preset=\u00bbdefault\u00bb title_level=\u00bbh3&#8243; global_colors_info=\u00bb{}\u00bb][\/dipi_price_list_item][dipi_price_list_item title=\u00bbGrupo de hasta tres personas 60 min\u00bb price=\u00bb90&#8243; price_suffix=\u00bb\u20ac \/por persona\u00bb _builder_version=\u00bb4.27.4&#8243; _module_preset=\u00bbdefault\u00bb title_level=\u00bbh3&#8243; global_colors_info=\u00bb{}\u00bb][\/dipi_price_list_item][dipi_price_list_item title=\u00bbGrupo de hasta tres personas 90 min\u00bb price=\u00bb120&#8243; price_suffix=\u00bb\u20ac \/por persona\u00bb _builder_version=\u00bb4.27.4&#8243; _module_preset=\u00bbdefault\u00bb title_level=\u00bbh3&#8243; global_colors_info=\u00bb{}\u00bb][\/dipi_price_list_item][\/dipi_price_list][et_pb_button button_url=\u00bbhttps:\/\/www.oceanfreaks.world\/es\/contactos\/?menu-101=eFoil\u00bb button_text=\u00bbEnviar petici\u00f3n\u00bb button_alignment=\u00bbcenter\u00bb _builder_version=\u00bb4.27.4&#8243; _module_preset=\u00bbdefault\u00bb hover_enabled=\u00bb0&#8243; global_colors_info=\u00bb{}\u00bb sticky_enabled=\u00bb0&#8243;][\/et_pb_button][\/et_pb_column][\/et_pb_row][\/et_pb_section]<\/p>\n","protected":false},"excerpt":{"rendered":"<p>Clases de eFoil TenerifeExperimenta la sensaci\u00f3n de volar sobre el agua con eFoil Tenerife, una innovadora tabla con motor el\u00e9ctrico. No es solo surf, sino una nueva dimensi\u00f3n de la libertad, la velocidad y el control. Podr\u00e1s deslizarte sobre la lisa superficie del oc\u00e9ano, sobre las olas, disfrutando de la facilidad de movimiento y de [&hellip;]<\/p>\n","protected":false},"author":2,"featured_media":964,"parent":0,"menu_order":0,"comment_status":"closed","ping_status":"closed","template":"","meta":{"_et_pb_use_builder":"on","_et_pb_old_content":"[et_pb_section fb_built=\"1\" _builder_version=\"4.27.4\" _module_preset=\"default\" use_background_color_gradient=\"on\" background_color_gradient_stops=\"rgba(29,38,51,0.56) 0%|rgba(29,38,51,0.56) 100%\" background_color_gradient_overlays_image=\"on\" background_image=\"https:\/\/www.oceanfreaks.world\/wp-content\/uploads\/2025\/03\/efoil1-2.jpg\" background_position=\"bottom_center\" background_vertical_offset=\"40%\" custom_padding=\"80px||80px||true|false\" global_colors_info=\"{}\"][et_pb_row _builder_version=\"4.24.0\" _module_preset=\"default\" global_colors_info=\"{}\"][et_pb_column type=\"4_4\" _builder_version=\"4.24.0\" _module_preset=\"default\" global_colors_info=\"{}\"][et_pb_text _builder_version=\"4.27.4\" _module_preset=\"default\" text_font=\"|700|||||||\" text_text_color=\"#FFFFFF\" text_font_size=\"20px\" header_font=\"|||on|||||\" header_text_color=\"#FFFFFF\" text_orientation=\"center\" hover_enabled=\"0\" global_colors_info=\"{}\" sticky_enabled=\"0\"]<h1>eFoil Lessons Tenerife<\/h1>[\/et_pb_text][et_pb_button button_url=\"#price\" button_text=\"Find out the price\" button_alignment=\"center\" _builder_version=\"4.27.4\" _module_preset=\"default\" hover_enabled=\"0\" global_colors_info=\"{}\" sticky_enabled=\"0\"][\/et_pb_button][\/et_pb_column][\/et_pb_row][\/et_pb_section][et_pb_section fb_built=\"1\" _builder_version=\"4.24.0\" _module_preset=\"default\" global_colors_info=\"{}\"][et_pb_row column_structure=\"3_5,2_5\" _builder_version=\"4.24.0\" _module_preset=\"default\" global_colors_info=\"{}\"][et_pb_column type=\"3_5\" _builder_version=\"4.24.0\" _module_preset=\"default\" global_colors_info=\"{}\"][et_pb_text _builder_version=\"4.27.4\" _module_preset=\"default\" link_text_color=\"#666666\" hover_enabled=\"0\" global_colors_info=\"{}\" sticky_enabled=\"0\"]Experience the feeling of flying over the water with eFoil \u2013 an innovative board with an electric motor! It\u2019s not just surfing, but a new dimension of freedom, speed and control. On the smooth surface of the ocean, you can glide over the waves, enjoying the ease of movement and unforgettable sensations.[\/et_pb_text][et_pb_text _builder_version=\"4.27.4\" _module_preset=\"default\" hover_enabled=\"0\" global_colors_info=\"{}\" sticky_enabled=\"0\"]<h3>Why eFoil?<\/h3>\r\neFoil riding combines elements of surfing, windsurfing and wakeboarding, but does not require waves or wind. It is ideal for both beginners and experienced riders who want to take their water adventures to the next level. Balance, coordination and fluidity are key aspects that will help you master this technique and feel one with the ocean.\r\n\r\nAlthough eFoil is a separate discipline, the skills acquired on this board are excellent for developing balance, reaction and confidence on the water. These skills will help those who are already surfing and will inspire beginners to try traditional ways of conquering waves. In turn, surfers will find that eFoil allows you to ride in any conditions, regardless of waves and wind.[\/et_pb_text][\/et_pb_column][et_pb_column type=\"2_5\" _builder_version=\"4.24.0\" _module_preset=\"default\" global_colors_info=\"{}\"][et_pb_image src=\"https:\/\/www.oceanfreaks.world\/wp-content\/uploads\/2025\/03\/efoil4.jpg\" alt=\"\u041a\u0430\u0439\u0442 \u0448\u043a\u043e\u043b\u0430 \u0442\u0435\u043d\u0435\u0440\u0438\u0444\u0435\" title_text=\"efoil4\" show_in_lightbox=\"on\" _builder_version=\"4.27.4\" _module_preset=\"default\" global_colors_info=\"{}\"][\/et_pb_image][\/et_pb_column][\/et_pb_row][et_pb_row _builder_version=\"4.24.0\" _module_preset=\"default\" global_colors_info=\"{}\"][et_pb_column type=\"4_4\" _builder_version=\"4.24.0\" _module_preset=\"default\" global_colors_info=\"{}\"][et_pb_cta title=\"eFoil Tenerife\" button_url=\"https:\/\/www.oceanfreaks.world\/request-for-a-lesson\/?menu-101=eFoil\" button_text=\"Send request\" _builder_version=\"4.27.4\" _module_preset=\"default\" header_level=\"h3\" background_color=\"#28A4C3\" hover_enabled=\"0\" global_colors_info=\"{}\" sticky_enabled=\"0\"]Send your request right now and be one of the first to try out the new thing \u2013 flying over water on eFoil![\/et_pb_cta][\/et_pb_column][\/et_pb_row][et_pb_row column_structure=\"2_5,3_5\" _builder_version=\"4.24.0\" _module_preset=\"default\" global_colors_info=\"{}\"][et_pb_column type=\"2_5\" _builder_version=\"4.24.0\" _module_preset=\"default\" global_colors_info=\"{}\"][et_pb_image src=\"https:\/\/www.oceanfreaks.world\/wp-content\/uploads\/2025\/03\/efoil5.jpg\" title_text=\"efoil5\" _builder_version=\"4.27.4\" _module_preset=\"default\" global_colors_info=\"{}\"][\/et_pb_image][\/et_pb_column][et_pb_column type=\"3_5\" _builder_version=\"4.25.2\" _module_preset=\"default\" global_colors_info=\"{}\"][et_pb_blurb title=\"Individual training\" use_icon=\"on\" font_icon=\"N||divi||400\" icon_color=\"#28A4C3\" icon_placement=\"left\" content_max_width=\"100%\" _builder_version=\"4.27.4\" _module_preset=\"default\" header_font=\"|||on|||||\" body_link_text_color=\"#666666\" hover_enabled=\"0\" global_colors_info=\"{}\" sticky_enabled=\"0\"]Our instructors will help you master eFoil from scratch or improve your existing skills. We adapt lessons to your capabilities and goals, creating comfortable conditions for learning. After just a few lessons, you will learn to confidently control the board, balance and enjoy the ease of movement.[\/et_pb_blurb][et_pb_blurb title=\"Safety and Practice\" use_icon=\"on\" font_icon=\"N||divi||400\" icon_color=\"#28A4C3\" icon_placement=\"left\" content_max_width=\"100%\" _builder_version=\"4.27.4\" _module_preset=\"default\" header_font=\"|||on|||||\" hover_enabled=\"0\" global_colors_info=\"{}\" sticky_enabled=\"0\"]We start training with theory, get acquainted with the equipment, learn how to stand on the board and control it correctly. Then we move on to practice on the water, gradually increasing speed and maneuverability. Thanks to smooth training and support from the instructor, you will quickly feel confident and enjoy flying over the ocean.[\/et_pb_blurb][et_pb_blurb title=\"Progress and new opportunities\" use_icon=\"on\" font_icon=\"N||divi||400\" icon_color=\"#28A4C3\" icon_placement=\"left\" content_max_width=\"100%\" _builder_version=\"4.27.4\" _module_preset=\"default\" header_font=\"|||on|||||\" body_font=\"Roboto||||||||\" hover_enabled=\"0\" global_colors_info=\"{}\" sticky_enabled=\"0\"]With each lesson you will feel more confident, mastering more complex maneuvers and increasing speed. eFoil opens up new facets of riding on the water, allowing you to move smoothly and easily, regardless of the waves and wind. This skill will be a great addition for fans of surfing and other water sports, helping to develop balance, reaction and coordination.[\/et_pb_blurb][\/et_pb_column][\/et_pb_row][et_pb_row module_id=\"price\" _builder_version=\"4.24.0\" _module_preset=\"default\" global_colors_info=\"{}\"][et_pb_column type=\"4_4\" _builder_version=\"4.24.0\" _module_preset=\"default\" global_colors_info=\"{}\"][et_pb_text _builder_version=\"4.27.4\" _module_preset=\"default\" text_orientation=\"center\" hover_enabled=\"0\" global_colors_info=\"{}\" sticky_enabled=\"0\"]<h4>eFoil lessons Tenerife - prices<\/h4>\r\n<strong>Lessons by appointment only!<\/strong>[\/et_pb_text][dipi_price_list item_text_padding=\"0px||0px||true|false\" _builder_version=\"4.27.4\" _module_preset=\"default\" title_font=\"Roboto|500|||||||\" title_font_size=\"20px\" price_font=\"Oswald|600|||||||\" price_text_color=\"#0C71C3\" price_font_size=\"22px\" width=\"60%\" width_tablet=\"60%\" width_phone=\"60%\" width_last_edited=\"on|desktop\" module_alignment=\"center\" hover_enabled=\"0\" module_alignment_last_edited=\"off|desktop\" global_colors_info=\"{}\" sticky_enabled=\"0\"][dipi_price_list_item title=\"Individual lesson 60 min\" price=\"100\" price_suffix=\"\u20ac \" _builder_version=\"4.27.4\" _module_preset=\"default\" hover_enabled=\"0\" global_colors_info=\"{}\" sticky_enabled=\"0\"][\/dipi_price_list_item][dipi_price_list_item title=\"Individual lesson 90 min\" price=\"135\" price_suffix=\"\u20ac \" _builder_version=\"4.27.4\" _module_preset=\"default\" hover_enabled=\"0\" global_colors_info=\"{}\" sticky_enabled=\"0\"][\/dipi_price_list_item][dipi_price_list_item title=\"Group of up to three people 60 min\" price=\"90\" price_suffix=\"\u20ac \/person\" _builder_version=\"4.27.4\" _module_preset=\"default\" hover_enabled=\"0\" global_colors_info=\"{}\" sticky_enabled=\"0\"][\/dipi_price_list_item][dipi_price_list_item title=\"Group of up to three people 90 min\" price=\"120\" price_suffix=\"\u20ac \/person\" _builder_version=\"4.27.4\" _module_preset=\"default\" hover_enabled=\"0\" global_colors_info=\"{}\" sticky_enabled=\"0\"][\/dipi_price_list_item][\/dipi_price_list][et_pb_button button_url=\"https:\/\/www.oceanfreaks.world\/request-for-a-lesson\/?menu-101=eFoil\" button_text=\"Send request\" button_alignment=\"center\" _builder_version=\"4.27.4\" _module_preset=\"default\" hover_enabled=\"0\" global_colors_info=\"{}\" sticky_enabled=\"0\"][\/et_pb_button][\/et_pb_column][\/et_pb_row][\/et_pb_section]","_et_gb_content_width":"","footnotes":""},"dipi_cpt_category":[],"class_list":["post-978","page","type-page","status-publish","has-post-thumbnail","hentry"],"_links":{"self":[{"href":"https:\/\/www.oceanfreaks.world\/es\/wp-json\/wp\/v2\/pages\/978","targetHints":{"allow":["GET"]}}],"collection":[{"href":"https:\/\/www.oceanfreaks.world\/es\/wp-json\/wp\/v2\/pages"}],"about":[{"href":"https:\/\/www.oceanfreaks.world\/es\/wp-json\/wp\/v2\/types\/page"}],"author":[{"embeddable":true,"href":"https:\/\/www.oceanfreaks.world\/es\/wp-json\/wp\/v2\/users\/2"}],"replies":[{"embeddable":true,"href":"https:\/\/www.oceanfreaks.world\/es\/wp-json\/wp\/v2\/comments?post=978"}],"version-history":[{"count":4,"href":"https:\/\/www.oceanfreaks.world\/es\/wp-json\/wp\/v2\/pages\/978\/revisions"}],"predecessor-version":[{"id":2345,"href":"https:\/\/www.oceanfreaks.world\/es\/wp-json\/wp\/v2\/pages\/978\/revisions\/2345"}],"wp:featuredmedia":[{"embeddable":true,"href":"https:\/\/www.oceanfreaks.world\/es\/wp-json\/wp\/v2\/media\/964"}],"wp:attachment":[{"href":"https:\/\/www.oceanfreaks.world\/es\/wp-json\/wp\/v2\/media?parent=978"}],"wp:term":[{"taxonomy":"dipi_cpt_category","embeddable":true,"href":"https:\/\/www.oceanfreaks.world\/es\/wp-json\/wp\/v2\/dipi_cpt_category?post=978"}],"curies":[{"name":"wp","href":"https:\/\/api.w.org\/{rel}","templated":true}]}}